{"id":24366,"date":"2020-10-22T09:35:11","date_gmt":"2020-10-22T09:35:11","guid":{"rendered":"https:\/\/courses-stage-s10088.14agency.net\/index.php\/all-courses\/"},"modified":"2023-08-10T14:17:14","modified_gmt":"2023-08-10T14:17:14","slug":"all-courses","status":"publish","type":"page","link":"https:\/\/kurse.naturheilkompass.de\/index.php\/all-courses\/","title":{"rendered":"Alle Kurse"},"content":{"rendered":"\n<div class=\"wp-block-uagb-container uagb-block-b38d6a54 alignfull uagb-is-root-container\"><div class=\"uagb-container-inner-blocks-wrap\">\n<div class=\"wp-block-uagb-info-box uagb-block-fc81617f uagb-infobox__content-wrap  uagb-infobox-icon-above-title uagb-infobox-image-valign-top\"><div class=\"uagb-ifb-content\"><div class=\"uagb-ifb-title-wrap\"><h1 class=\"uagb-ifb-title\">Kurse<\/h1><\/div><p class=\"uagb-ifb-desc\">Hier finden Sie alle Kurse in der \u00dcbersicht.<\/p><\/div><\/div>\n\n\n\n<div class=\"wp-block-uagb-image uagb-block-92fe2759 wp-block-uagb-image--layout-default wp-block-uagb-image--effect-static wp-block-uagb-image--align-none\"><figure class=\"wp-block-uagb-image__figure\"><img decoding=\"async\" srcset=\"https:\/\/kurse.naturheilkompass.de\/wp-content\/uploads\/2022\/07\/pattern.png \" sizes=\"(max-width: 480px) 150px\" src=\"https:\/\/kurse.naturheilkompass.de\/wp-content\/uploads\/2022\/07\/pattern.png\" alt=\"\" class=\"uag-image-25090\" width=\"187\" height=\"90\" title=\"\" loading=\"lazy\"\/><\/figure><\/div>\n<\/div><\/div>\n\n\n\n<div class=\"wp-block-uagb-container uagb-block-bdb1a502 alignfull uagb-is-root-container\"><div class=\"uagb-container-inner-blocks-wrap\"><div id=\"ld-course-list-content-6bff6326b614b5f92cd2dac85b7a4e01\" class=\"ld-course-list-content\" data-shortcode-atts=\"&quot;&quot;\">\n\t\t\t<div class=\"ld-course-list-items row\">\n\t<!-- LearnDash Course Grid v1 --><div class=\"ld_course_grid col-sm-8 col-md-4 \">\n\t<article id=\"post-25744\" class=\" thumbnail course post-25744 sfwd-courses type-sfwd-courses status-publish has-post-thumbnail hentry\">\n\t\t\t\t\t\t\t\t<div class=\"ribbon\">\n\t\t\t\tNeu\t\t\t<\/div>\n\t\t\t\n\t\t\t\t\t\t<a href=\"https:\/\/kurse.naturheilkompass.de\/index.php\/courses\/therapeuten-kurs-well-aging\/\" rel=\"bookmark\">\n\t\t\t\t<img width=\"300\" height=\"200\" src=\"https:\/\/kurse.naturheilkompass.de\/wp-content\/uploads\/2023\/01\/well-aging-hero-300x200.webp\" class=\"attachment-medium size-medium wp-post-image\" alt=\"Well-Aging Therapeutin mit Patient\" decoding=\"async\" loading=\"lazy\" srcset=\"https:\/\/kurse.naturheilkompass.de\/wp-content\/uploads\/2023\/01\/well-aging-hero-300x200.webp 300w, https:\/\/kurse.naturheilkompass.de\/wp-content\/uploads\/2023\/01\/well-aging-hero-1024x683.webp 1024w, https:\/\/kurse.naturheilkompass.de\/wp-content\/uploads\/2023\/01\/well-aging-hero-768x512.webp 768w, https:\/\/kurse.naturheilkompass.de\/wp-content\/uploads\/2023\/01\/well-aging-hero.webp 1200w\" sizes=\"(max-width: 300px) 100vw, 300px\" \/>\t\t\t<\/a>\n\t\t\t\t\t\n\t\t\t\t\t<div class=\"caption\">\n\t\t\t\t<h3 class=\"entry-title\">Therapeutenkurs: Well-Aging<\/h3>\n\t\t\t\t\t\t\t\t<div class=\"entry-content\"><p>Lernen Sie, wie Sie die Lebensqualit\u00e4t und Vitalit\u00e4t Ihrer Patienten durch integrative Ans\u00e4tze aus Medizin und Ern\u00e4hrung steigern k\u00f6nnen.<\/p>\n<\/div>\n\t\t\t\t\t\t\t\t<div class=\"ld_course_grid_button\"><a class=\"btn btn-primary\" role=\"button\" href=\"https:\/\/kurse.naturheilkompass.de\/index.php\/courses\/therapeuten-kurs-well-aging\/\" rel=\"bookmark\">Jetzt anmelden<\/a><\/div>\n\t\t\t\t\t\t\t<\/div><!-- .entry-header -->\n\t\t\t<\/article><!-- #post-## -->\n<\/div><!-- .ld_course_grid -->\n\t<\/div>\n\t\t\t<\/div>\n\t\t\n\n\n\n<div style=\"height:50px\" aria-hidden=\"true\" class=\"wp-block-spacer\"><\/div>\n<\/div><\/div>\n","protected":false},"excerpt":{"rendered":"","protected":false},"author":1,"featured_media":0,"parent":0,"menu_order":0,"comment_status":"closed","ping_status":"closed","template":"","meta":{"_uag_custom_page_level_css":"","site-sidebar-layout":"no-sidebar","site-content-layout":"plain-container","ast-global-header-display":"","ast-main-header-display":"","ast-hfb-above-header-display":"","ast-hfb-below-header-display":"","ast-hfb-mobile-header-display":"","site-post-title":"disabled","ast-breadcrumbs-content":"","ast-featured-img":"","footer-sml-layout":"","theme-transparent-header-meta":"default","adv-header-id-meta":"","stick-header-meta":"","header-above-stick-meta":"","header-main-stick-meta":"","header-below-stick-meta":""},"uagb_featured_image_src":{"full":false,"thumbnail":false,"medium":false,"medium_large":false,"large":false,"1536x1536":false,"2048x2048":false},"uagb_author_info":{"display_name":"admin","author_link":"https:\/\/kurse.naturheilkompass.de\/index.php\/author\/14agency\/"},"uagb_comment_info":0,"uagb_excerpt":null,"_links":{"self":[{"href":"https:\/\/kurse.naturheilkompass.de\/index.php\/wp-json\/wp\/v2\/pages\/24366"}],"collection":[{"href":"https:\/\/kurse.naturheilkompass.de\/index.php\/wp-json\/wp\/v2\/pages"}],"about":[{"href":"https:\/\/kurse.naturheilkompass.de\/index.php\/wp-json\/wp\/v2\/types\/page"}],"author":[{"embeddable":true,"href":"https:\/\/kurse.naturheilkompass.de\/index.php\/wp-json\/wp\/v2\/users\/1"}],"replies":[{"embeddable":true,"href":"https:\/\/kurse.naturheilkompass.de\/index.php\/wp-json\/wp\/v2\/comments?post=24366"}],"version-history":[{"count":12,"href":"https:\/\/kurse.naturheilkompass.de\/index.php\/wp-json\/wp\/v2\/pages\/24366\/revisions"}],"predecessor-version":[{"id":26920,"href":"https:\/\/kurse.naturheilkompass.de\/index.php\/wp-json\/wp\/v2\/pages\/24366\/revisions\/26920"}],"wp:attachment":[{"href":"https:\/\/kurse.naturheilkompass.de\/index.php\/wp-json\/wp\/v2\/media?parent=24366"}],"curies":[{"name":"wp","href":"https:\/\/api.w.org\/{rel}","templated":true}]}}