{"id":24365,"date":"2020-10-22T09:35:11","date_gmt":"2020-10-22T09:35:11","guid":{"rendered":"https:\/\/courses-stage-s10088.14agency.net\/index.php\/home\/"},"modified":"2026-03-24T08:54:02","modified_gmt":"2026-03-24T08:54:02","slug":"home","status":"publish","type":"page","link":"https:\/\/kurse.naturheilkompass.de\/","title":{"rendered":"Home"},"content":{"rendered":"\n<div style=\"height:50px\" aria-hidden=\"true\" class=\"wp-block-spacer\"><\/div>\n\n\n\n<div class=\"wp-block-columns are-vertically-aligned-center is-layout-flex wp-container-4\" style=\"padding-top:0;padding-right:0;padding-bottom:0;padding-left:0\">\n<div class=\"wp-block-column is-vertically-aligned-center is-layout-flow\" style=\"padding-top:var(--wp--preset--spacing--40);padding-right:var(--wp--preset--spacing--40);padding-bottom:var(--wp--preset--spacing--40);padding-left:var(--wp--preset--spacing--40);flex-basis:66.66%\">\n<p>Der neue Online-Kurs f\u00fcr Therapeuten mit Dr. Harald H\u00fcther<\/p>\n\n\n\n<h2 class=\"wp-block-heading\">Well-Aging &#8211; Das bew\u00e4hrte Konzept f\u00fcr Ihre Patienten<\/h2>\n\n\n\n<ul style=\"padding-top:var(--wp--preset--spacing--40);padding-right:var(--wp--preset--spacing--40);padding-bottom:var(--wp--preset--spacing--40);padding-left:var(--wp--preset--spacing--40)\">\n<li>8 Module mit \u00fcber 9 Stunden praxisnahem Expertenwissen&nbsp;\u00fcber die Ursachen des Alterns und effektive Strategien, um diesen entgegenzuwirken.<\/li>\n\n\n\n<li>Vertiefen Sie Ihr Wissen durch n\u00fctzliche Kursmaterialien und interaktive Verst\u00e4ndnisfragen. Bei erfolgreichem Abschluss erhalten Sie ein pers\u00f6nliches Zertifikat.<\/li>\n\n\n\n<li>5 kostenlose Probelektionen mit \u00fcber 60 Minuten Videomaterial<\/li>\n<\/ul>\n\n\n\n<div class=\"wp-block-buttons is-layout-flex\">\n<div class=\"wp-block-button is-style-fill\"><a class=\"wp-block-button__link has-ast-global-color-0-background-color has-background wp-element-button\" href=\"https:\/\/kurse.naturheilkompass.de\/index.php\/courses\/therapeuten-kurs-well-aging\/\">Jetzt anmelden<\/a><\/div>\n<\/div>\n<\/div>\n\n\n\n<div class=\"wp-block-column is-vertically-aligned-center is-layout-flow\" style=\"flex-basis:33.33%\">\n<figure class=\"wp-block-image size-full has-custom-border is-style-default\"><img decoding=\"async\" loading=\"lazy\" width=\"800\" height=\"800\" src=\"https:\/\/kurse.naturheilkompass.de\/wp-content\/uploads\/2023\/08\/well-aging-hero-square.webp\" alt=\"Well-Aging Therapeutin mit Patient\" class=\"wp-image-26637\" style=\"border-style:none;border-width:0px;border-radius:10px\" srcset=\"https:\/\/kurse.naturheilkompass.de\/wp-content\/uploads\/2023\/08\/well-aging-hero-square.webp 800w, https:\/\/kurse.naturheilkompass.de\/wp-content\/uploads\/2023\/08\/well-aging-hero-square-300x300.webp 300w, https:\/\/kurse.naturheilkompass.de\/wp-content\/uploads\/2023\/08\/well-aging-hero-square-150x150.webp 150w, https:\/\/kurse.naturheilkompass.de\/wp-content\/uploads\/2023\/08\/well-aging-hero-square-768x768.webp 768w\" sizes=\"(max-width: 800px) 100vw, 800px\" \/><\/figure>\n<\/div>\n<\/div>\n\n\n\n<div style=\"height:50px\" aria-hidden=\"true\" class=\"wp-block-spacer\"><\/div>\n\n\n\n<div class=\"wp-block-cover alignfull has-medium-font-size\"><span aria-hidden=\"true\" class=\"wp-block-cover__background has-ast-global-color-0-background-color has-background-dim-100 has-background-dim\"><\/span><div class=\"wp-block-cover__inner-container\">\n<div class=\"wp-block-columns are-vertically-aligned-center is-layout-flex wp-container-8\">\n<div class=\"wp-block-column is-vertically-aligned-center is-layout-flow\">\n<div class=\"wp-block-uagb-icon uagb-block-26309ff1 uagb-icon-wrapper\"><span class=\"uagb-svg-wrapper\"><svg xmlns=\"https:\/\/www.w3.org\/2000\/svg\" viewBox=\"0 0 640 512\"><path d=\"M592 0h-384C181.5 0 160 22.25 160 49.63V96c23.42 0 45.1 6.781 63.1 17.81V64h352v288h-64V304c0-8.838-7.164-16-16-16h-96c-8.836 0-16 7.162-16 16V352H287.3c22.07 16.48 39.54 38.5 50.76 64h253.9C618.5 416 640 393.8 640 366.4V49.63C640 22.25 618.5 0 592 0zM160 320c53.02 0 96-42.98 96-96c0-53.02-42.98-96-96-96C106.1 128 64 170.1 64 224C64 277 106.1 320 160 320zM192 352H128c-70.69 0-128 57.31-128 128c0 17.67 14.33 32 32 32h256c17.67 0 32-14.33 32-32C320 409.3 262.7 352 192 352z\"><\/path><\/svg><\/span><\/div>\n\n\n\n<p class=\"has-text-align-center has-ast-global-color-5-color has-text-color\"><strong>Format<br><\/strong>Interaktiver Onlinekurs<\/p>\n<\/div>\n\n\n\n<div class=\"wp-block-column is-vertically-aligned-center is-layout-flow\">\n<div class=\"wp-block-uagb-icon uagb-block-98b93101 uagb-icon-wrapper\"><span class=\"uagb-svg-wrapper\"><svg xmlns=\"https:\/\/www.w3.org\/2000\/svg\" viewBox=\"0 0 576 512\"><path d=\"M384 112v288c0 26.51-21.49 48-48 48h-288c-26.51 0-48-21.49-48-48v-288c0-26.51 21.49-48 48-48h288C362.5 64 384 85.49 384 112zM576 127.5v256.9c0 25.5-29.17 40.39-50.39 25.79L416 334.7V177.3l109.6-75.56C546.9 87.13 576 102.1 576 127.5z\"><\/path><\/svg><\/span><\/div>\n\n\n\n<p class=\"has-text-align-center has-ast-global-color-5-color has-text-color\"><strong>Inhalte<br><\/strong>9+ Std. Videos, 8 Module<\/p>\n<\/div>\n\n\n\n<div class=\"wp-block-column is-vertically-aligned-center is-layout-flow\">\n<div class=\"wp-block-uagb-icon uagb-block-44f37777 uagb-icon-wrapper\"><span class=\"uagb-svg-wrapper\"><svg xmlns=\"https:\/\/www.w3.org\/2000\/svg\" viewBox=\"0 0 512 512\"><path d=\"M500.3 7.251C507.7 13.33 512 22.41 512 31.1V175.1C512 202.5 483.3 223.1 447.1 223.1C412.7 223.1 383.1 202.5 383.1 175.1C383.1 149.5 412.7 127.1 447.1 127.1V71.03L351.1 90.23V207.1C351.1 234.5 323.3 255.1 287.1 255.1C252.7 255.1 223.1 234.5 223.1 207.1C223.1 181.5 252.7 159.1 287.1 159.1V63.1C287.1 48.74 298.8 35.61 313.7 32.62L473.7 .6198C483.1-1.261 492.9 1.173 500.3 7.251H500.3zM74.66 303.1L86.5 286.2C92.43 277.3 102.4 271.1 113.1 271.1H174.9C185.6 271.1 195.6 277.3 201.5 286.2L213.3 303.1H239.1C266.5 303.1 287.1 325.5 287.1 351.1V463.1C287.1 490.5 266.5 511.1 239.1 511.1H47.1C21.49 511.1-.0019 490.5-.0019 463.1V351.1C-.0019 325.5 21.49 303.1 47.1 303.1H74.66zM143.1 359.1C117.5 359.1 95.1 381.5 95.1 407.1C95.1 434.5 117.5 455.1 143.1 455.1C170.5 455.1 191.1 434.5 191.1 407.1C191.1 381.5 170.5 359.1 143.1 359.1zM440.3 367.1H496C502.7 367.1 508.6 372.1 510.1 378.4C513.3 384.6 511.6 391.7 506.5 396L378.5 508C372.9 512.1 364.6 513.3 358.6 508.9C352.6 504.6 350.3 496.6 353.3 489.7L391.7 399.1H336C329.3 399.1 323.4 395.9 321 389.6C318.7 383.4 320.4 376.3 325.5 371.1L453.5 259.1C459.1 255 467.4 254.7 473.4 259.1C479.4 263.4 481.6 271.4 478.7 278.3L440.3 367.1zM116.7 219.1L19.85 119.2C-8.112 90.26-6.614 42.31 24.85 15.34C51.82-8.137 93.26-3.642 118.2 21.83L128.2 32.32L137.7 21.83C162.7-3.642 203.6-8.137 231.6 15.34C262.6 42.31 264.1 90.26 236.1 119.2L139.7 219.1C133.2 225.6 122.7 225.6 116.7 219.1H116.7z\"><\/path><\/svg><\/span><\/div>\n\n\n\n<p class=\"has-text-align-center has-ast-global-color-5-color has-text-color\"><strong>Extras<br><\/strong>Quizze, Kursunterlagen, Zertifikat<\/p>\n<\/div>\n<\/div>\n<\/div><\/div>\n\n\n\n<div style=\"height:100px\" aria-hidden=\"true\" class=\"wp-block-spacer\"><\/div>\n\n\n\n<div class=\"wp-block-columns are-vertically-aligned-center is-layout-flex wp-container-11\">\n<div class=\"wp-block-column is-vertically-aligned-center is-layout-flow\" style=\"flex-basis:33.33%\">\n<figure class=\"wp-block-image size-full has-custom-border\"><img decoding=\"async\" loading=\"lazy\" width=\"1024\" height=\"1024\" src=\"https:\/\/kurse.naturheilkompass.de\/wp-content\/uploads\/2026\/03\/279135f3-d078-4da4-8657-576222c1557f.png\" alt=\"\" class=\"wp-image-26943\" style=\"border-radius:10px\" srcset=\"https:\/\/kurse.naturheilkompass.de\/wp-content\/uploads\/2026\/03\/279135f3-d078-4da4-8657-576222c1557f.png 1024w, https:\/\/kurse.naturheilkompass.de\/wp-content\/uploads\/2026\/03\/279135f3-d078-4da4-8657-576222c1557f-300x300.png 300w, https:\/\/kurse.naturheilkompass.de\/wp-content\/uploads\/2026\/03\/279135f3-d078-4da4-8657-576222c1557f-150x150.png 150w, https:\/\/kurse.naturheilkompass.de\/wp-content\/uploads\/2026\/03\/279135f3-d078-4da4-8657-576222c1557f-768x768.png 768w\" sizes=\"(max-width: 1024px) 100vw, 1024px\" \/><\/figure>\n<\/div>\n\n\n\n<div class=\"wp-block-column is-vertically-aligned-center is-layout-flow\" style=\"padding-top:var(--wp--preset--spacing--40);padding-right:var(--wp--preset--spacing--40);padding-bottom:var(--wp--preset--spacing--40);padding-left:var(--wp--preset--spacing--40);flex-basis:66.66%\">\n<h3 class=\"wp-block-heading\">M\u00f6chten Sie Ihren Patienten ein effektives Konzept f\u00fcr gesundes Altern anbieten?<\/h3>\n\n\n\n<p>Dieser Online-Kurs wurde speziell&nbsp;f\u00fcr Therapeuten konzipiert, die darauf abzielen, ihre fachliche Kompetenz zu erweitern und ihre therapeutische Arbeit zu bereichern:<\/p>\n\n\n\n<ul style=\"padding-top:var(--wp--preset--spacing--40);padding-right:var(--wp--preset--spacing--40);padding-bottom:var(--wp--preset--spacing--40);padding-left:var(--wp--preset--spacing--40)\">\n<li>Profitieren Sie von fundiertem Wissen in den Bereichen Ern\u00e4hrungsmedizin und Naturheilkunde, das Sie direkt in der Praxis anwenden k\u00f6nnen.<\/li>\n\n\n\n<li>Nutzen Sie die \u00fcber 20-j\u00e4hrige Erfahrung von Dr. Harald H\u00fcther, um effektive Well-Aging-Strategien zu erlernen und umzusetzen.<\/li>\n\n\n\n<li>Verbessern Sie die k\u00f6rperliche und geistige Vitalit\u00e4t Ihrer Patienten durch speziell auf das Well-Aging zugeschnittene Methoden.<\/li>\n\n\n\n<li>Erweitern Sie Ihr Angebot und steigern Sie Ihren Praxiserfolg: Dieser Kurs erm\u00f6glicht es Ihnen, neue Patientengruppen zu erreichen und Ihren Umsatz zu steigern.<\/li>\n<\/ul>\n\n\n\n<p>Entdecken Sie, wie dieser Kurs Ihnen dabei helfen kann, einen bedeutenden Unterschied im Leben Ihrer Patienten zu machen und Ihre therapeutische Arbeit auf ein neues Niveau zu heben.<\/p>\n<\/div>\n<\/div>\n\n\n\n<div style=\"height:100px\" aria-hidden=\"true\" class=\"wp-block-spacer\"><\/div>\n\n\n\n<div class=\"wp-block-columns are-vertically-aligned-center is-layout-flex wp-container-15\">\n<div class=\"wp-block-column is-vertically-aligned-center is-layout-flow\" style=\"padding-top:var(--wp--preset--spacing--40);padding-right:var(--wp--preset--spacing--40);padding-bottom:var(--wp--preset--spacing--40);padding-left:var(--wp--preset--spacing--40);flex-basis:66.66%\">\n<p>IHRE KURSMATERIALIEN<\/p>\n\n\n\n<h3 class=\"wp-block-heading\">Das erwartet Sie im Therapeutenkurs<\/h3>\n\n\n\n<ul style=\"padding-top:var(--wp--preset--spacing--40);padding-right:var(--wp--preset--spacing--40);padding-bottom:var(--wp--preset--spacing--40);padding-left:var(--wp--preset--spacing--40)\">\n<li>8 Lektionen mit praxisnahem Expertenwissen<\/li>\n\n\n\n<li>Interaktive Verst\u00e4ndnisfragen zu jeder Lektion<\/li>\n\n\n\n<li>N\u00fctzliche&nbsp;Kursmaterialien zum Download<\/li>\n\n\n\n<li>Pers\u00f6nliches Abschlusszertifikat<\/li>\n<\/ul>\n\n\n\n<div class=\"wp-block-buttons is-layout-flex\">\n<div class=\"wp-block-button is-style-fill\"><a class=\"wp-block-button__link has-ast-global-color-0-background-color has-background wp-element-button\" href=\"https:\/\/kurse.naturheilkompass.de\/index.php\/courses\/therapeuten-kurs-well-aging\/\">Jetzt anmelden<\/a><\/div>\n<\/div>\n<\/div>\n\n\n\n<div class=\"wp-block-column is-vertically-aligned-center is-layout-flow\" style=\"flex-basis:33.3%\">\n<figure class=\"wp-block-image size-full has-custom-border\"><img decoding=\"async\" loading=\"lazy\" width=\"501\" height=\"501\" src=\"https:\/\/kurse.naturheilkompass.de\/wp-content\/uploads\/2026\/03\/frau-laptop-edited.webp\" alt=\"\" class=\"wp-image-26939\" style=\"border-radius:10px\" srcset=\"https:\/\/kurse.naturheilkompass.de\/wp-content\/uploads\/2026\/03\/frau-laptop-edited.webp 501w, https:\/\/kurse.naturheilkompass.de\/wp-content\/uploads\/2026\/03\/frau-laptop-edited-300x300.webp 300w, https:\/\/kurse.naturheilkompass.de\/wp-content\/uploads\/2026\/03\/frau-laptop-edited-150x150.webp 150w\" sizes=\"(max-width: 501px) 100vw, 501px\" \/><\/figure>\n<\/div>\n<\/div>\n\n\n\n<div style=\"height:100px\" aria-hidden=\"true\" class=\"wp-block-spacer\"><\/div>\n\n\n\n<div class=\"wp-block-columns is-layout-flex wp-container-17\">\n<div class=\"wp-block-column is-layout-flow\">\n<p class=\"has-text-align-center\">IHRE KURSINHALTE<\/p>\n\n\n\n<h3 class=\"wp-block-heading has-text-align-center\">Freuen Sie sich auf diese Themen<\/h3>\n<\/div>\n<\/div>\n\n\n\n<div class=\"wp-block-uagb-faq uagb-faq__outer-wrap uagb-block-79908099 uagb-faq-icon-row-reverse uagb-faq-layout-grid uagb-faq-expand-first-true uagb-faq-inactive-other-true uagb-faq__wrap uagb-buttons-layout-wrap uagb-faq-equal-height\" data-faqtoggle=\"true\" role=\"tablist\">\n<div class=\"wp-block-uagb-faq-child uagb-faq-child__outer-wrap uagb-faq-item uagb-block-be976fac\" role=\"tab\" tabindex=\"0\"><div class=\"uagb-faq-questions-button uagb-faq-questions\"><span class=\"uagb-question\"><strong>Modul 1: Allgemeines, Einleitung, Definitionen<\/strong><\/span><\/div><p class=\"uagb-faq-content\">&#8211; Begr\u00fc\u00dfung, Ziele des Kurses, Vorstellung Harald H\u00fcther<br>&#8211; Definitionen des Alterns, Theorien des Alterns, Methusalem<br>&#8211; Die \u201eBlue Zones\u201c<br>&#8211; Kennzeichen des Alterns<br>&#8211; \u201eAltern\u201c messen<\/p><\/div>\n\n\n\n<div class=\"wp-block-uagb-faq-child uagb-faq-child__outer-wrap uagb-faq-item uagb-block-abcd169e\" role=\"tab\" tabindex=\"0\"><div class=\"uagb-faq-questions-button uagb-faq-questions\"><span class=\"uagb-question\"><strong>Modul 2: Ursachen f\u00fcr Altern<\/strong><\/span><\/div><p class=\"uagb-faq-content\">&#8211; Lebensstil<br>&#8211; Genetik\/ Epigenetik<br>&#8211; Innere Ursachen<br>&#8211; Ursachen von Au\u00dfen<\/p><\/div>\n\n\n\n<div class=\"wp-block-uagb-faq-child uagb-faq-child__outer-wrap uagb-faq-item uagb-block-405cf033\" role=\"tab\" tabindex=\"0\"><div class=\"uagb-faq-questions-button uagb-faq-questions\"><span class=\"uagb-question\"><strong>Modul 3: Zellul\u00e4re Seneszenz<\/strong><\/span><\/div><p class=\"uagb-faq-content\">&#8211; Seneszenz hat zwei Seiten<br>&#8211; NRF2 und mTor<br>&#8211; Telomere und Epigenetik<br>&#8211; Onkogene<br>&#8211; Mitochondrien<\/p><\/div>\n\n\n\n<div class=\"wp-block-uagb-faq-child uagb-faq-child__outer-wrap uagb-faq-item uagb-block-7e2cd254\" role=\"tab\" tabindex=\"0\"><div class=\"uagb-faq-questions-button uagb-faq-questions\"><span class=\"uagb-question\"><strong>Modul 4: Mitochondropathie<\/strong><\/span><\/div><p class=\"uagb-faq-content\">&#8211; NADH und ATP<br>&#8211; Oxidativer Stress<br>&#8211; Nitrosativer Stress<br>&#8211; Weitere Aufgaben der Mitochondrien<br>&#8211; Hormonmangel<\/p><\/div>\n\n\n\n<div class=\"wp-block-uagb-faq-child uagb-faq-child__outer-wrap uagb-faq-item uagb-block-9900d6a8\" role=\"tab\" tabindex=\"0\"><div class=\"uagb-faq-questions-button uagb-faq-questions\"><span class=\"uagb-question\"><strong>Modul 5: Ern\u00e4hrung \u2013 Ursache und L\u00f6sung<\/strong><\/span><\/div><p class=\"uagb-faq-content\">&#8211; Ern\u00e4hrungsempfehlungen<br>&#8211; Kohlenhydrate<br>&#8211; Die richtigen Fette<br>&#8211; Eiwei\u00df und Ern\u00e4hrung<br>&#8211; Mikron\u00e4hrstoffe<br>&#8211; Senolytika<br>&#8211; Fasten<\/p><\/div>\n\n\n\n<div class=\"wp-block-uagb-faq-child uagb-faq-child__outer-wrap uagb-faq-item uagb-block-3840f31e\" role=\"tab\" tabindex=\"0\"><div class=\"uagb-faq-questions-button uagb-faq-questions\"><span class=\"uagb-question\"><strong>Modul 6: Mikron\u00e4hrstoffe \u2013 Nahrungserg\u00e4nzung<\/strong><\/span><\/div><p class=\"uagb-faq-content\">&#8211; Bedarf an Mikron\u00e4hrstoffen<br>&#8211; Brauchen wir Nahrungserg\u00e4nzungsmittel?<br>&#8211; Ist Nahrungserg\u00e4nzung gef\u00e4hrlich?<br>&#8211; Welche Nahrungserg\u00e4nzung?<br>&#8211; Moderne Vitalstofftherapie<\/p><\/div>\n\n\n\n<div class=\"wp-block-uagb-faq-child uagb-faq-child__outer-wrap uagb-faq-item uagb-block-74d07956\" role=\"tab\" tabindex=\"0\"><div class=\"uagb-faq-questions-button uagb-faq-questions\"><span class=\"uagb-question\"><strong>Modul 7: Bewegung<\/strong><\/span><\/div><p class=\"uagb-faq-content\">&#8211; Cardio-Fitness<br>&#8211; Muskeltraining<br>&#8211; Gebrechlichkeit<br>&#8211; \u00dcbergewicht<\/p><\/div>\n\n\n\n<div class=\"wp-block-uagb-faq-child uagb-faq-child__outer-wrap uagb-faq-item uagb-block-37d8b985\" role=\"tab\" tabindex=\"0\"><div class=\"uagb-faq-questions-button uagb-faq-questions\"><span class=\"uagb-question\"><strong>Modul 8: Was tun?<\/strong><\/span><\/div><p class=\"uagb-faq-content\">&#8211; Der Weg der kleinen Schritte<br>&#8211; Well-Aging Anamnese<br>&#8211; Mikron\u00e4hrstoffe<br>&#8211; Ern\u00e4hrung und Bewegung<\/p><\/div>\n<\/div>\n\n\n\n<div style=\"height:100px\" aria-hidden=\"true\" class=\"wp-block-spacer\"><\/div>\n\n\n\n<div class=\"wp-block-columns is-layout-flex wp-container-20\">\n<div class=\"wp-block-column is-layout-flow\" style=\"flex-basis:33.33%\">\n<figure class=\"wp-block-image size-full has-custom-border\"><img decoding=\"async\" loading=\"lazy\" width=\"600\" height=\"600\" src=\"https:\/\/kurse.naturheilkompass.de\/wp-content\/uploads\/2026\/03\/dr-med-harald-hueter-gesundheitskompass-3.webp\" alt=\"\" class=\"wp-image-26925\" style=\"border-radius:10px\" srcset=\"https:\/\/kurse.naturheilkompass.de\/wp-content\/uploads\/2026\/03\/dr-med-harald-hueter-gesundheitskompass-3.webp 600w, https:\/\/kurse.naturheilkompass.de\/wp-content\/uploads\/2026\/03\/dr-med-harald-hueter-gesundheitskompass-3-300x300.webp 300w, https:\/\/kurse.naturheilkompass.de\/wp-content\/uploads\/2026\/03\/dr-med-harald-hueter-gesundheitskompass-3-150x150.webp 150w\" sizes=\"(max-width: 600px) 100vw, 600px\" \/><\/figure>\n<\/div>\n\n\n\n<div class=\"wp-block-column is-vertically-aligned-center is-layout-flow\" style=\"padding-top:var(--wp--preset--spacing--40);padding-right:var(--wp--preset--spacing--40);padding-bottom:var(--wp--preset--spacing--40);padding-left:var(--wp--preset--spacing--40);flex-basis:66.66%\">\n<p>IHR REFERENT<\/p>\n\n\n\n<h3 class=\"wp-block-heading\">Dr. Harald H\u00fcther<\/h3>\n\n\n\n<p>Ich habe Humanmedizin an der LMU in M\u00fcnchen studiert. Von 1996 bis 2008 war ich in eigener naturheilkundlich gepr\u00e4gter Praxis t\u00e4tig. Ich bin Mitgr\u00fcnder und \u00e4rztlicher Leiter von \u201eOpti-Mahl, Zentrum f\u00fcr Ern\u00e4hrung und Gesundheit\u201c. Seit meinem Umzug in die Ruhe und Weite Kanadas gebe ich mein Wissen vor allem in Online-Kursen sowie \u00fcber eBooks und Fachbeitr\u00e4ge in verschiedenen Medien weiter. Meine Spezialgebiete sind Pr\u00e4vention, Ern\u00e4hrungsmedizin, Akupunktur, Vitalstoffmedizin, Hom\u00f6opathie und Neuraltheraphie.<\/p>\n<\/div>\n<\/div>\n\n\n\n<div style=\"height:100px\" aria-hidden=\"true\" class=\"wp-block-spacer\"><\/div>\n","protected":false},"excerpt":{"rendered":"<p>Der neue Online-Kurs f\u00fcr Therapeuten mit Dr. Harald H\u00fcther Well-Aging &#8211; Das bew\u00e4hrte Konzept f\u00fcr Ihre Patienten M\u00f6chten Sie Ihren Patienten ein effektives Konzept f\u00fcr gesundes Altern anbieten? Dieser Online-Kurs wurde speziell&nbsp;f\u00fcr Therapeuten konzipiert, die darauf abzielen, ihre fachliche Kompetenz zu erweitern und ihre therapeutische Arbeit zu bereichern: Entdecken Sie, wie dieser Kurs Ihnen dabei &hellip;<\/p>\n<p class=\"read-more\"> <a class=\"\" href=\"https:\/\/kurse.naturheilkompass.de\/\"> <span class=\"screen-reader-text\">Home<\/span> Weiterlesen &raquo;<\/a><\/p>\n","protected":false},"author":1,"featured_media":0,"parent":0,"menu_order":0,"comment_status":"closed","ping_status":"closed","template":"","meta":{"_uag_custom_page_level_css":"","site-sidebar-layout":"no-sidebar","site-content-layout":"plain-container","ast-global-header-display":"","ast-main-header-display":"","ast-hfb-above-header-display":"","ast-hfb-below-header-display":"","ast-hfb-mobile-header-display":"","site-post-title":"disabled","ast-breadcrumbs-content":"","ast-featured-img":"","footer-sml-layout":"","theme-transparent-header-meta":"default","adv-header-id-meta":"","stick-header-meta":"","header-above-stick-meta":"","header-main-stick-meta":"","header-below-stick-meta":""},"uagb_featured_image_src":{"full":false,"thumbnail":false,"medium":false,"medium_large":false,"large":false,"1536x1536":false,"2048x2048":false},"uagb_author_info":{"display_name":"admin","author_link":"https:\/\/kurse.naturheilkompass.de\/index.php\/author\/14agency\/"},"uagb_comment_info":0,"uagb_excerpt":"Der neue Online-Kurs f\u00fcr Therapeuten mit Dr. Harald H\u00fcther Well-Aging &#8211; Das bew\u00e4hrte Konzept f\u00fcr Ihre Patienten M\u00f6chten Sie Ihren Patienten ein effektives Konzept f\u00fcr gesundes Altern anbieten? Dieser Online-Kurs wurde speziell&nbsp;f\u00fcr Therapeuten konzipiert, die darauf abzielen, ihre fachliche Kompetenz zu erweitern und ihre therapeutische Arbeit zu bereichern: Entdecken Sie, wie dieser Kurs Ihnen dabei&hellip;","_links":{"self":[{"href":"https:\/\/kurse.naturheilkompass.de\/index.php\/wp-json\/wp\/v2\/pages\/24365"}],"collection":[{"href":"https:\/\/kurse.naturheilkompass.de\/index.php\/wp-json\/wp\/v2\/pages"}],"about":[{"href":"https:\/\/kurse.naturheilkompass.de\/index.php\/wp-json\/wp\/v2\/types\/page"}],"author":[{"embeddable":true,"href":"https:\/\/kurse.naturheilkompass.de\/index.php\/wp-json\/wp\/v2\/users\/1"}],"replies":[{"embeddable":true,"href":"https:\/\/kurse.naturheilkompass.de\/index.php\/wp-json\/wp\/v2\/comments?post=24365"}],"version-history":[{"count":145,"href":"https:\/\/kurse.naturheilkompass.de\/index.php\/wp-json\/wp\/v2\/pages\/24365\/revisions"}],"predecessor-version":[{"id":26953,"href":"https:\/\/kurse.naturheilkompass.de\/index.php\/wp-json\/wp\/v2\/pages\/24365\/revisions\/26953"}],"wp:attachment":[{"href":"https:\/\/kurse.naturheilkompass.de\/index.php\/wp-json\/wp\/v2\/media?parent=24365"}],"curies":[{"name":"wp","href":"https:\/\/api.w.org\/{rel}","templated":true}]}}